{"id":1501,"date":"2017-02-09T14:23:01","date_gmt":"2017-02-09T14:23:01","guid":{"rendered":"http:\/\/consult.loc\/?page_id=1501"},"modified":"2024-10-02T09:52:30","modified_gmt":"2024-10-02T09:52:30","slug":"sobre-nos","status":"publish","type":"page","link":"https:\/\/monlarama.ao\/index.php\/sobre-nos\/","title":{"rendered":"Sobre N\u00f3s"},"content":{"rendered":"<div class=\"wpb-content-wrapper\"><p>[vc_row full_width=&#8221;stretch_row&#8221; css=&#8221;.vc_custom_1485516797007{margin-top: -75px !important;margin-bottom: 55px !important;padding-top: 81px !important;padding-bottom: 78px !important;background-color: #f2f2f2 !important;}&#8221;][vc_column offset=&#8221;vc_col-lg-7 vc_col-md-7&#8243;][vc_column_text css=&#8221;.vc_custom_1696979827358{margin-bottom: 25px !important;}&#8221;]Oferecemos servi\u00e7os de consultoria focados na tomada de decis\u00f5es e na promo\u00e7\u00e3o de mudan\u00e7as dentro das empresas.[\/vc_column_text][vc_column_text]Consultoria empresarial especializada voltada \u00e0 orienta\u00e7\u00e3o das empresas, institui\u00e7\u00f5es ou pessoas, em determinado assunto ou campo de conhecimento, com foco na melhoria dos processos de gest\u00e3o e na identifica\u00e7\u00e3o de solu\u00e7\u00f5es referentes aos problemas enfrentados e na tomada de decis\u00e3o a partir da an\u00e1lise das necessidades particulares existentes.[\/vc_column_text][vc_column_text]<\/p>\n<blockquote style=\"background-color: #ffffff;\">\n<p>O mundo dos neg\u00f3cios de hoje exige respostas que envolvam inova\u00e7\u00e3o, tecnologia, estrat\u00e9gia e muita agilidade..<\/p>\n<\/blockquote>\n<p>[\/vc_column_text][stm_spacing lg_spacing=&#8221;0&#8243; md_spacing=&#8221;0&#8243; sm_spacing=&#8221;40&#8243; xs_spacing=&#8221;40&#8243;][\/vc_column][vc_column offset=&#8221;vc_col-lg-5 vc_col-md-5&#8243;][vc_video link=&#8221;https:\/\/www.youtube.com\/embed\/w0RGnXpf9LU&#8221; image=&#8221;33&#8243; css=&#8221;.vc_custom_1534399731909{padding-top: 3px !important;}&#8221; height_size=&#8221;264&#8243; img_size=&#8221;full&#8221;][\/vc_column][\/vc_row][vc_row][vc_column][vc_custom_heading text=&#8221;Porque escolher-nos&#8221; font_container=&#8221;tag:h3|text_align:left&#8221; google_fonts=&#8221;font_family:Montserrat%3Aregular%2C700|font_style:700%20bold%20regular%3A700%3Anormal&#8221; css=&#8221;.vc_custom_1696309047437{margin-bottom: 39px !important;}&#8221;][\/vc_column][\/vc_row][vc_row css=&#8221;.vc_custom_1485526502077{margin-bottom: 30px !important;}&#8221;][vc_column offset=&#8221;vc_col-lg-4 vc_col-md-4&#8243;][stm_icon_box title_color=&#8221;secondary&#8221; icon=&#8221;fas fa-medal&#8221; style=&#8221;icon_left&#8221; icon_size=&#8221;16&#8243; icon_color=&#8221;custom&#8221; icon_bg_color=&#8221;custom&#8221; icon_width=&#8221;70&#8243; title=&#8221;Experi\u00eancia S\u00f3lida,<br \/>\ndesde 2006&#8243; css=&#8221;.vc_custom_1727862664939{margin-bottom: 28px !important;}&#8221; icon_color_custom=&#8221;#000000&#8243; icon_bg_color_custom=&#8221;#fcd800&#8243;]<span style=\"line-height: 24px;\">Temos um elevado numero de casos com \u00eaxito em todos os sectores de actividade, que nos garantem uma vantagem competitiva.\u00a0<\/span>[\/stm_icon_box][stm_icon_box icon=&#8221;far fa-handshake&#8221; style=&#8221;icon_left&#8221; icon_size=&#8221;22&#8243; icon_color=&#8221;custom&#8221; icon_bg_color=&#8221;custom&#8221; icon_width=&#8221;70&#8243; title=&#8221;Compromisso com a qualidade&#8221; css=&#8221;.vc_custom_1727862571943{margin-bottom: 28px !important;}&#8221; icon_color_custom=&#8221;#000000&#8243; icon_bg_color_custom=&#8221;#fcd800&#8243;]A nossa forma de actua\u00e7\u00e3o prende-se no rigor e na qualidade, o que torna os nossos servi\u00e7os excelentes e satisfat\u00f3rios as necessidades dos nossos clientes e parceiros.[\/stm_icon_box][\/vc_column][vc_column offset=&#8221;vc_col-lg-4 vc_col-md-4&#8243;][stm_icon_box icon=&#8221;fas fa-edit&#8221; style=&#8221;icon_left&#8221; icon_size=&#8221;20&#8243; icon_color=&#8221;custom&#8221; icon_bg_color=&#8221;custom&#8221; icon_width=&#8221;70&#8243; title=&#8221;Orienta\u00e7\u00e3o ao<br \/>\ncliente&#8221; css=&#8221;.vc_custom_1696379386353{margin-bottom: 28px !important;}&#8221; icon_color_custom=&#8221;#000000&#8243; icon_bg_color_custom=&#8221;#fcd800&#8243;]<span style=\"line-height: 24px;\">Escutamos os nossos clientes e mantemos com eles uma rela\u00e7\u00e3o estreita, \u00e1gil e resolutiva.<\/span>[\/stm_icon_box][stm_icon_box icon=&#8221;far fa-lightbulb&#8221; style=&#8221;icon_left&#8221; icon_size=&#8221;28&#8243; icon_color=&#8221;custom&#8221; icon_bg_color=&#8221;custom&#8221; icon_width=&#8221;70&#8243; title=&#8221;Esp\u00edrito inovador&#8221; css=&#8221;.vc_custom_1727694920021{margin-bottom: 28px !important;}&#8221; icon_color_custom=&#8221;#000000&#8243; icon_bg_color_custom=&#8221;#fcd800&#8243;]Pesquisa, desenvolvimento e inova\u00e7\u00e3o a todos os nossos produtos e servi\u00e7os.[\/stm_icon_box][\/vc_column][vc_column offset=&#8221;vc_col-lg-4 vc_col-md-4&#8243;][stm_icon_box icon=&#8221;fas fa-users&#8221; style=&#8221;icon_left&#8221; icon_size=&#8221;20&#8243; icon_color=&#8221;custom&#8221; icon_bg_color=&#8221;custom&#8221; icon_width=&#8221;70&#8243; title=&#8221;Capital humano&#8221; css=&#8221;.vc_custom_1727862717323{margin-bottom: 28px !important;}&#8221; icon_color_custom=&#8221;#000000&#8243; icon_bg_color_custom=&#8221;#fcd800&#8243;]Colaboradores com uma s\u00f3lida forma\u00e7\u00e3o acad\u00e9mica e um perfil t\u00e9cnico avan\u00e7ado.[\/stm_icon_box][\/vc_column][\/vc_row][vc_row full_width=&#8221;stretch_row&#8221; equal_height=&#8221;yes&#8221; css=&#8221;.vc_custom_1485526792127{background-color: #f2f2f2 !important;}&#8221; el_class=&#8221;about-bg-right&#8221;][vc_column width=&#8221;1\/2&#8243;][vc_custom_heading text=&#8221;Nossa Miss\u00e3o&#8221; font_container=&#8221;tag:h3|text_align:left&#8221; google_fonts=&#8221;font_family:Montserrat%3Aregular%2C700|font_style:700%20bold%20regular%3A700%3Anormal&#8221; css=&#8221;.vc_custom_1696981769859{margin-top: 50px !important;margin-bottom: 25px !important;}&#8221;][vc_column_text css=&#8221;.vc_custom_1697084076477{margin-bottom: 22px !important;}&#8221;]Exercer directamente ou assessorar terceiros na gest\u00e3o de activos petrol\u00edferos; an\u00e1lise e avalia\u00e7\u00e3o de projectos de levantamentos s\u00edsmicos; estudos geol\u00f3gicos; po\u00e7os de pesquisa; programas de desenvolvimento de campos petrol\u00edferos; \u00a0prestar servi\u00e7os de elevado valor e complementares ao sector de Oil &amp; G\u00e1s, f\u00f3sseis e afins; prestar consultoria e forma\u00e7\u00e3o nas \u00e1reas afins ao sector de Oil &amp; G\u00e1s; desenvolver e implementar projectos de elevado impacto social na \u00e1rea dos sectores energ\u00e9ticos; adquirir e gerir participa\u00e7\u00f5es societ\u00e1rias\u00a0 em actividades de explora\u00e7\u00e3o mineira e de prospe\u00e7\u00e3o e explora\u00e7\u00e3o petrol\u00edfera, indirectamente, atrav\u00e9s\u00a0 da presta\u00e7\u00e3o de servi\u00e7os, ou directamente, mediante a incorpora\u00e7\u00e3o de activos.[\/vc_column_text][stm_icon_box icon=&#8221;fas fa-chart-bar&#8221; style=&#8221;icon_left&#8221; icon_size=&#8221;22&#8243; icon_color=&#8221;custom&#8221; icon_bg_color=&#8221;custom&#8221; icon_width=&#8221;70&#8243; title=&#8221;Nossa Vis\u00e3o&#8221; css=&#8221;.vc_custom_1697060298847{margin-bottom: 28px !important;}&#8221; icon_color_custom=&#8221;#000000&#8243; icon_bg_color_custom=&#8221;#fcd800&#8243;]ser reconhecida pela excel\u00eancia\u00a0 no servi\u00e7o de forma\u00e7\u00e3o e consultoria e tornar-se na empresa angolana l\u00edder no mercado de presta\u00e7\u00e3o de servi\u00e7os ao sector de Oil &amp; G\u00e1s.[\/stm_icon_box][stm_icon_box icon=&#8221;fas fa-chart-bar&#8221; style=&#8221;icon_left&#8221; icon_size=&#8221;22&#8243; icon_color=&#8221;custom&#8221; icon_bg_color=&#8221;custom&#8221; icon_width=&#8221;70&#8243; title=&#8221;Objectivo&#8221; css=&#8221;.vc_custom_1697084049300{margin-bottom: 28px !important;}&#8221; icon_color_custom=&#8221;#000000&#8243; icon_bg_color_custom=&#8221;#fcd800&#8243;]Tornar-se refer\u00eancia no dom\u00ednio da responsabilidade social[\/stm_icon_box][\/vc_column][vc_column width=&#8221;1\/2&#8243; css=&#8221;.vc_custom_1487079260608{padding-top: 52px !important;padding-bottom: 95px !important;background-image: url(http:\/\/consulting.stylemixthemes.com\/demo\/wp-content\/uploads\/sites\/2\/2017\/02\/about2.jpg?id=1556) !important;background-position: center !important;background-repeat: no-repeat !important;background-size: cover !important;}&#8221; el_class=&#8221;about_full-right_width&#8221;][vc_custom_heading text=&#8221;Nossa experi\u00eancia&#8221; font_container=&#8221;tag:h3|text_align:left|color:%23ffffff&#8221; google_fonts=&#8221;font_family:Montserrat%3Aregular%2C700|font_style:700%20bold%20regular%3A700%3Anormal&#8221; css=&#8221;.vc_custom_1696316203026{margin-bottom: 43px !important;}&#8221;][vc_progress_bar values=&#8221;%5B%7B%22label%22%3A%22Gest%C3%A3o%20Ambiental%22%2C%22value%22%3A%2250%22%2C%22color%22%3A%22custom%22%2C%22customcolor%22%3A%22%23fcd800%22%2C%22customtxtcolor%22%3A%22%23ffffff%22%7D%2C%7B%22label%22%3A%22Gest%C3%A3o%20Empresarial%22%2C%22value%22%3A%2275%22%2C%22color%22%3A%22custom%22%2C%22customcolor%22%3A%22%23fcd800%22%2C%22customtxtcolor%22%3A%22%23ffffff%22%7D%2C%7B%22label%22%3A%22Gest%C3%A3o%20de%20Risco%22%2C%22value%22%3A%2260%22%2C%22color%22%3A%22custom%22%2C%22customcolor%22%3A%22%23fcd800%22%2C%22customtxtcolor%22%3A%22%23ffffff%22%7D%2C%7B%22label%22%3A%22Recursos%20Humanos%22%2C%22value%22%3A%2270%22%2C%22color%22%3A%22custom%22%2C%22customcolor%22%3A%22%23fcd800%22%2C%22customtxtcolor%22%3A%22%23ffffff%22%7D%5D&#8221; bgcolor=&#8221;custom&#8221; units=&#8221;%&#8221; css=&#8221;.vc_custom_1727695220013{padding-right: 20px !important;}&#8221; custombgcolor=&#8221;#fcd800&#8243;][\/vc_column][\/vc_row][vc_row][vc_column][vc_empty_space][\/vc_column][\/vc_row][vc_row css=&#8221;.vc_custom_1485526502077{margin-bottom: 30px !important;}&#8221;][vc_column offset=&#8221;vc_col-lg-4 vc_col-md-4&#8243;][stm_icon_box title_color=&#8221;secondary&#8221; enable_hexagon=&#8221;enable&#8221; enable_hexagon_animation=&#8221;enable&#8221; style=&#8221;icon_left&#8221; icon_size=&#8221;16&#8243; icon_color=&#8221;third&#8221; icon_bg_color=&#8221;third_bg&#8221; icon_width=&#8221;70&#8243; title=&#8221;\u00c9tica&#8221; css=&#8221;.vc_custom_1727611382639{margin-bottom: 28px !important;}&#8221;]A b\u00fasola que orienta a cultura do proficionalismo dos nossos cervi\u00e7os em proveito da sociedade em geral.[\/stm_icon_box][\/vc_column][vc_column offset=&#8221;vc_col-lg-4 vc_col-md-4&#8243;][stm_icon_box enable_hexagon=&#8221;enable&#8221; enable_hexagon_animation=&#8221;enable&#8221; icon=&#8221;stm-diamond&#8221; style=&#8221;icon_left&#8221; icon_size=&#8221;20&#8243; icon_color=&#8221;custom&#8221; icon_bg_color=&#8221;third_bg&#8221; icon_width=&#8221;70&#8243; title=&#8221;Sustentabilidade&#8221; css=&#8221;.vc_custom_1727611423576{margin-bottom: 28px !important;}&#8221; icon_color_custom=&#8221;#ffffff&#8221;]Ao investirmos em pr\u00e1ticas sustentaveis, a nossa empresa est\u00e1 investindo num futuro melhor para todos.[\/stm_icon_box][\/vc_column][vc_column offset=&#8221;vc_col-lg-4 vc_col-md-4&#8243;][stm_icon_box enable_hexagon=&#8221;enable&#8221; enable_hexagon_animation=&#8221;enable&#8221; icon=&#8221;stm-cart_13&#8243; style=&#8221;icon_left&#8221; icon_size=&#8221;20&#8243; icon_color=&#8221;custom&#8221; icon_bg_color=&#8221;third_bg&#8221; icon_width=&#8221;70&#8243; title=&#8221;Profissionalismo&#8221; css=&#8221;.vc_custom_1727611455165{margin-bottom: 28px !important;}&#8221; icon_color_custom=&#8221;#ffffff&#8221;]No cerne da nossa empresa reside um compromisso inabal\u00e1vel com o profissionalismo em todas as nossas pr\u00e1ticas e intera\u00e7\u00f5es.[\/stm_icon_box][\/vc_column][\/vc_row][vc_row full_width=&#8221;stretch_row&#8221; el_class=&#8221;third_bg_color&#8221; css=&#8221;.vc_custom_1451889219674{margin-bottom: -60px !important;}&#8221;][vc_column][vc_cta h2=&#8221;Procurando um consultor de plano de neg\u00f3cios de primeira classe?&#8221; h2_font_container=&#8221;tag:h2|font_size:20px|text_align:left|color:%23ffffff|line_height:24px&#8221; h2_use_theme_fonts=&#8221;yes&#8221; shape=&#8221;square&#8221; style=&#8221;flat&#8221; color=&#8221;white&#8221; add_button=&#8221;right&#8221; btn_title=&#8221;Solicitar Consultoria&#8221; btn_style=&#8221;flat&#8221; btn_color=&#8221;success&#8221; btn_size=&#8221;lg&#8221; btn_align=&#8221;right&#8221; btn_i_align=&#8221;right&#8221; btn_i_icon_fontawesome=&#8221;stm-circuit_big&#8221; use_custom_fonts_h2=&#8221;true&#8221; btn_button_block=&#8221;true&#8221; btn_add_icon=&#8221;true&#8221; el_class=&#8221;third_bg_color&#8221; css=&#8221;.vc_custom_1696333673440{margin-bottom: 0px !important;}&#8221;][\/vc_cta][\/vc_column][\/vc_row]<\/p>\n<\/div>","protected":false},"excerpt":{"rendered":"<p>[vc_row full_width=&#8221;stretch_row&#8221; css=&#8221;.vc_custom_1485516797007{margin-top: -75px !important;margin-bottom: 55px !important;padding-top: 81px !important;padding-bottom: 78px !important;background-color: #f2f2f2 !important;}&#8221;][vc_column offset=&#8221;vc_col-lg-7 vc_col-md-7&#8243;][vc_column_text css=&#8221;.vc_custom_1696979827358{margin-bottom: 25px !important;}&#8221;]Oferecemos servi\u00e7os de consultoria focados na tomada de decis\u00f5es e na promo\u00e7\u00e3o de mudan\u00e7as dentro das empresas.[\/vc_column_text][vc_column_text]Consultoria empresarial especializada voltada \u00e0 orienta\u00e7\u00e3o das empresas, institui\u00e7\u00f5es ou pessoas, em determinado assunto ou campo de conhecimento, com foco na melhoria<\/p>\n","protected":false},"author":1,"featured_media":0,"parent":0,"menu_order":0,"comment_status":"closed","ping_status":"closed","template":"","meta":{"footnotes":""},"class_list":["post-1501","page","type-page","status-publish","hentry"],"jetpack_sharing_enabled":true,"_links":{"self":[{"href":"https:\/\/monlarama.ao\/index.php\/wp-json\/wp\/v2\/pages\/1501","targetHints":{"allow":["GET"]}}],"collection":[{"href":"https:\/\/monlarama.ao\/index.php\/wp-json\/wp\/v2\/pages"}],"about":[{"href":"https:\/\/monlarama.ao\/index.php\/wp-json\/wp\/v2\/types\/page"}],"author":[{"embeddable":true,"href":"https:\/\/monlarama.ao\/index.php\/wp-json\/wp\/v2\/users\/1"}],"replies":[{"embeddable":true,"href":"https:\/\/monlarama.ao\/index.php\/wp-json\/wp\/v2\/comments?post=1501"}],"version-history":[{"count":74,"href":"https:\/\/monlarama.ao\/index.php\/wp-json\/wp\/v2\/pages\/1501\/revisions"}],"predecessor-version":[{"id":7663,"href":"https:\/\/monlarama.ao\/index.php\/wp-json\/wp\/v2\/pages\/1501\/revisions\/7663"}],"wp:attachment":[{"href":"https:\/\/monlarama.ao\/index.php\/wp-json\/wp\/v2\/media?parent=1501"}],"curies":[{"name":"wp","href":"https:\/\/api.w.org\/{rel}","templated":true}]}}